{"id":8,"date":"2023-10-23T23:26:46","date_gmt":"2023-10-23T23:26:46","guid":{"rendered":"https:\/\/fitfuture.sayenko.dev\/?page_id=8"},"modified":"2023-11-04T23:51:06","modified_gmt":"2023-11-04T23:51:06","slug":"startseite","status":"publish","type":"page","link":"https:\/\/fitfuture.sayenko.dev\/","title":{"rendered":"Startseite"},"content":{"rendered":"\n<div class=\"wp-block-uagb-container uagb-block-7c758bd1 alignfull uagb-is-root-container\"><div class=\"uagb-container__video-wrap\"><video autoplay loop muted playsinline><source src=\"https:\/\/fitfuture.sayenko.dev\/wp-content\/uploads\/2023\/11\/pexels-tima-miroshnichenko-5319760-1080p-online-video-cutter.com1_.mp4\" type=\"video\/mp4\"\/><\/video><\/div>\n<div class=\"wp-block-uagb-container hero-cta-container uagb-block-7c6a869c alignfull uagb-is-root-container\"><div class=\"uagb-container-inner-blocks-wrap\">\n<div class=\"wp-block-uagb-container hero-cta-container-inner uagb-block-0e313ef1 alignfull uagb-is-root-container\"><div class=\"uagb-container-inner-blocks-wrap\">\n<div class=\"wp-block-uagb-advanced-heading uagb-block-c9d66c8b\"><h2 class=\"uagb-heading-text\"><strong>Bereit f\u00fcr Ver\u00e4nderung?<\/strong><\/h2><\/div>\n\n\n\n<div class=\"wp-block-uagb-container hero-subheading uagb-block-6573c033\">\n<div class=\"wp-block-uagb-advanced-heading uagb-block-cf542892 hero-subheading\"><h2 class=\"uagb-heading-text\"><strong>Sprich noch Heute mit uns<\/strong>!<\/h2><\/div>\n\n\n\n<p class=\"has-text-align-center has-ast-global-color-1-color has-text-color\" style=\"font-style:normal;font-weight:300\">Unser Ziel ist es, unseren Kunden zu helfen, ihre individuellen Fitnessziele zu erreichen und ein ges\u00fcnderes, erf\u00fcllteres Leben zu f\u00fchren. Wir glauben an eine ganzheitliche Herangehensweise und arbeiten eng mit unseren Kunden zusammen, um personalisierte Pl\u00e4ne zu erstellen, die auf ihre Bed\u00fcrfnisse und Ziele zugeschnitten sind. Wir sind leidenschaftlich daran interessiert, unsere Kunden bei jedem Schritt auf ihrem Weg zu begleiten und ihnen dabei zu helfen, die bestm\u00f6glichen Ergebnisse zu erzielen.<\/p>\n<\/div>\n\n\n\n<div class=\"wp-block-uagb-buttons uagb-buttons__outer-wrap uagb-btn__large-btn uagb-btn-tablet__default-btn uagb-btn-mobile__default-btn uagb-block-32a9abb3\"><div class=\"uagb-buttons__wrap uagb-buttons-layout-wrap\">\n<div class=\"wp-block-uagb-buttons-child uagb-buttons__outer-wrap uagb-block-5a74522b wp-block-button\"><div class=\"uagb-button__wrapper\"><a class=\"uagb-buttons-repeater wp-block-button__link\" href=\"#kontakt\" onclick=\"return true;\" rel=\"follow noopener\" target=\"_self\"><div class=\"uagb-button__link\">kontaktieren<\/div><\/a><\/div><\/div>\n<\/div><\/div>\n<\/div><\/div>\n<\/div><\/div>\n<\/div>\n\n\n\n<div class=\"wp-block-uagb-container uagb-block-34b02228 alignfull uagb-is-root-container\"><div class=\"uagb-container-inner-blocks-wrap\">\n<div class=\"wp-block-uagb-container intro-container uagb-block-75dc46d1\">\n<div class=\"wp-block-uagb-advanced-heading uagb-block-70662229 intro-heading\"><h1 class=\"uagb-heading-text\">Moin, wir sind<br><span>FitFuture Coaching.<\/span><\/h1><p class=\"uagb-desc-text\">Ein erfahrenes, ausgebildetes und mehrfach lizenziertes Team im Bereich Fitness und Personaltraining. Unsere sportliche Reise begann bereits in jungen Jahren \u2013 seitdem haben wir unszu Experten in verschiedenen Bereichen des Kraft \u2013 und Gesundheitssports entwickelt und unsere Leidenschaft zum Beruf gemacht.<\/p><\/div>\n<\/div>\n<\/div><\/div>\n\n\n\n<div class=\"wp-block-uagb-container uagb-block-cbff5fc2 alignfull uagb-is-root-container\"><div class=\"uagb-container-inner-blocks-wrap\">\n<div class=\"wp-block-uagb-container team-container uagb-block-36e563de\">\n<div class=\"wp-block-uagb-team uagb-team__image-position-above uagb-team__align-center uagb-team__stack-tablet uagb-block-53dba25d\"><div class=\"uagb-team__content\"><img decoding=\"async\" class=\"uagb-team__image-crop-normal\" src=\"https:\/\/fitfuture.sayenko.dev\/wp-content\/uploads\/2023\/11\/pexels-vitoria-santos-2608582-scaled.jpg\" alt=\"\" height=\"100\" width=\"100\" loading=\"lazy\"\/><h3 class=\"uagb-team__title\">Alex<\/h3><span class=\"uagb-team__prefix\">Bodybuilding und Wettkampfsport<\/span><p class=\"uagb-team__desc\">Ich bin passionierter Kraftsportler und Ihr Ansprechpartner im Bereich Trainingsplanung, Bodybuilding und Wettkampfsport. Durch meine jahrelange Erfahrung bin ich Ihr Ansprechpartner \u2013 egal ob Hobbysportler oder B\u00fchnenathlet. Ich helfe Ihnen dabei, Kraft und Ausdauer zu verbessern und ihre k\u00f6rperliche Fitness auf ein neues Level zu bringen.<\/p><\/div><\/div>\n<\/div>\n\n\n\n<div class=\"wp-block-uagb-container team-container uagb-block-6496f218\">\n<div class=\"wp-block-uagb-team uagb-team__image-position-above uagb-team__align-center uagb-team__stack-tablet uagb-block-b99603f9\"><div class=\"uagb-team__content\"><img decoding=\"async\" class=\"uagb-team__image-crop-normal\" src=\"https:\/\/fitfuture.sayenko.dev\/wp-content\/uploads\/2023\/11\/pexels-mateo-almendares-2884362-scaled.jpg\" alt=\"\" height=\"100\" width=\"100\" loading=\"lazy\"\/><h3 class=\"uagb-team__title\">Finja<\/h3><span class=\"uagb-team__prefix\">Fitness und Ern\u00e4hrung<\/span><p class=\"uagb-team__desc\">Als Frau in unserem Team habe ich mich auf die Erstellung ma\u00dfgeschneiderter Ern\u00e4hrungspl\u00e4ne, Di\u00e4tetik und zyklusbasierte Trainingsplanung besonders f\u00fcr Frauen spezialisiert. Ich verf\u00fcge \u00fcber umfangreiche Kenntnisse und arbeite eng mit meinen Kunden zusammen, um ihr Ziel zu erreichen.<\/p><\/div><\/div>\n<\/div>\n<\/div><\/div>\n\n\n\n<div class=\"wp-block-uagb-container usp-container uagb-block-8b312885 alignfull uagb-is-root-container\">\n<div class=\"wp-block-uagb-advanced-heading uagb-block-a2923b83 usp-heading\"><h2 class=\"uagb-heading-text\">Warum Wir?<\/h2><\/div>\n\n\n\n<div class=\"glide\">\n    <div class=\"glide__track\" data-glide-el=\"track\">\n        <ul class=\"glide__slides\">\n            <li class=\"glide__slide\">\n                <div class=\"usp-card\">\n                    <h4>\n                        Individualit\u00e4t\n                    <\/h4>\n                    <p>\n                        Wir passen unser Training und unsere Ern\u00e4hrungsberatung individuell an die Bed\u00fcrfnisse und Ziele jedes einzelnen Kunden an. Wir glauben nicht an eine One-Size-Fits-All-L\u00f6sung.\n                    <\/p>\n                <\/div>\n            <\/li>\n            <li class=\"glide__slide\">\n                <div class=\"usp-card\">\n                    <h4>\n                        Expertise\n                    <\/h4>\n                    <p>\n                        Wir k\u00f6nnen eine umfassende Ausbildung in Fitness, Gesundheit und Ern\u00e4hrung vorweisen und halten sich stets auf dem neuesten Stand der Forschung.\n                    <\/p>\n                <\/div>\n            <\/li>\n            <li class=\"glide__slide\">\n                <div class=\"usp-card\">\n                    <h4>\n                        Motivation\n                    <\/h4>\n                    <p>\n                        Wir sind hier, um unsere Kunden zu motivieren und sie auf ihrem Weg zu einem ges\u00fcnderen Leben zu unterst\u00fctzen. Wir sind immer da, um unsere Kunden anzuspornen und sie dazu zu bringen, ihr Bestes zu geben.\n                    <\/p>\n                <\/div>\n            <\/li>\n            <li class=\"glide__slide\">\n                <div class=\"usp-card\">\n                    <h4>\n                        Flexibilit\u00e4t\n                    <\/h4>\n                    <p>\n                        Wir passen uns den Bed\u00fcrfnissen unserer Kunden an und bieten flexible Trainingszeiten an, um ihren Zeitplan zu ber\u00fccksichtigen.\n                    <\/p>\n                <\/div>\n            <\/li>\n            <li class=\"glide__slide\">\n                <div class=\"usp-card\">\n                    <h4>\n                        Ma\u00dfgeschneidertes Training\n                    <\/h4>\n                    <p>\n                        Wir erstellen personalisierte Trainingspl\u00e4ne, die auf die spezifischen Bed\u00fcrfnisse und Ziele jedes Kunden abgestimmt sind.\n                    <\/p>\n                <\/div>\n            <\/li>\n            <li class=\"glide__slide\">\n                <div class=\"usp-card\">\n                    <h4>\n                        Gesundheit und Wellness\n                    <\/h4>\n                    <p>\n                        Wir glauben, dass Gesundheit und Wellness weit \u00fcber Fitness hinausgehen. Wir bieten daher auch Ern\u00e4hrungsberatung und andere Gesundheitsdienstleistungen an, um unseren Kunden zu helfen, ihr bestes Leben zu f\u00fchren.\n                    <\/p>\n                <\/div>\n            <\/li>\n            <li class=\"glide__slide\">\n                <div class=\"usp-card\">\n                    <h4>\n                        Erfahrung\n                    <\/h4>\n                    <p>\n                        Wir haben langj\u00e4hrige Erfahrung in der Branche und haben bereits zahlreichen Kunden geholfen, ihre Ziele zu erreichen.\n                    <\/p>\n                <\/div>\n            <\/li>\n            <li class=\"glide__slide\">\n                <div class=\"usp-card\">\n                    <h4>\n                        Qualit\u00e4t\n                    <\/h4>\n                    <p>\n                        Wir setzen auf hochwertige Ausr\u00fcstung und Materialien, um sicherzustellen, dass unsere Kunden das bestm\u00f6gliche Trainingserlebnis haben.\n                    <\/p>\n                <\/div>\n            <\/li>\n            <li class=\"glide__slide\">\n                <div class=\"usp-card\">\n                    <h4>\n                        Kundenzufriedenheit\n                    <\/h4>\n                    <p>\n                        Wir legen gro\u00dfen Wert auf die Zufriedenheit unserer Kunden und tun alles daf\u00fcr, dass sie sich bei uns wohl und unterst\u00fctzt f\u00fchlen.\n                    <\/p>\n                <\/div>\n            <\/li>\n        <\/ul>\n    <\/div>  \n<\/div>\n<\/div>\n\n\n\n<div class=\"wp-block-uagb-container uagb-block-4fcbe38b alignfull uagb-is-root-container\"><div class=\"uagb-container-inner-blocks-wrap\">\n<div class=\"wp-block-uagb-advanced-heading uagb-block-b82311c3\"><h2 class=\"uagb-heading-text\">Dienstleistungen<\/h2><\/div>\n\n\n\n<div id=\"services-cards\">\n    <div class=\"services-row\" id=\"services-row-1\">\n        <div class=\"services-card\">\n            <img decoding=\"async\" \n              src=\"\/wp-content\/uploads\/2023\/11\/ernaehrung.jpg\" \n              class=\"services-img\" \n              alt=\"Professionelle Ern\u00e4hrungsplanerstellung\"\n            \/>\n            <div class=\"services-text\">\n                <h4 class=\"services-title\">\n                    Professionelle Ern\u00e4hrungsplanerstellung\n                <\/h4>\n                <p class=\"services-description\">\n                    Sowohl f\u00fcr Hobby- und Leistungssportler als auch f\u00fcr Menschen mit dem Wunsch abzunehmen und ihre Ern\u00e4hrungsgewohnheiten zu verbessern &#8211; besonders wichtig ist uns hierbei eine umfangreiche N\u00e4hrstoffauswahl!\n                <\/p>\n            <\/div>\n        <\/div>\n        <div class=\"services-card\">\n            <img decoding=\"async\" \n              src=\"\/wp-content\/uploads\/2023\/11\/trainingsplan.jpg\" \n              class=\"services-img\" \n              alt=\"Individuelle Trainingspl\u00e4ne\"\n            \/>\n            <div class=\"services-text\">\n                <h4 class=\"services-title\">\n                    Individuelle Trainingspl\u00e4ne\n                <\/h4>\n                <p class=\"services-description\">\n                    Wir erstellen speziell auf Ihre Bed\u00fcrfnisse und Ziele zugeschnittene Trainingspl\u00e4ne, um Ihnen zu helfen, Ihre k\u00f6rperliche Fitness zu verbessern und Ihre sportlichen Ziele zu erreichen. Dabei achten wir besonders auf Ihre M\u00f6glichkeiten und Ihren gew\u00fcnschten Zeitplan.\n                <\/p>\n            <\/div>\n        <\/div>\n    <\/div>\n    <div class=\"services-row\" id=\"services-row-2\">\n        <div class=\"services-card\">\n            <img decoding=\"async\" \n              src=\"\/wp-content\/uploads\/2023\/11\/wettkampf.jpg\" \n              class=\"services-img\" \n              alt=\"Wettkampfvorbereitung und Begleitung\"\n            \/>\n            <div class=\"services-text\">\n                <h4 class=\"services-title\">\n                    Wettkampfvorbereitung und Begleitung\n                <\/h4>\n                <p class=\"services-description\">\n                    Wir stehen Ihnen nat\u00fcrlich auch intensiv in der Zeit vor &#8211; und nach einem Wettkampf zur Seite und werden Sie mit unserem Know-How bestm\u00f6glich unterst\u00fctzen.\n                <\/p>\n            <\/div>\n        <\/div>\n        <div class=\"services-card\">\n            <img decoding=\"async\" \n              src=\"\/wp-content\/uploads\/2023\/11\/betreuung.jpg\" \n              class=\"services-img\" \n              alt=\"Begleitung &#038; Betreuung\"\n            \/>\n            <div class=\"services-text\">\n                <h4 class=\"services-title\">\n                    Begleitung &#038; Betreuung\n                <\/h4>\n                <p class=\"services-description\">\n                    Ob live oder online &#8211; Trainieren Sie mit uns in einer eigenen Personal Trainer Stunde und lassen sie sich motivieren, ihr Bestes zu geben! Auch f\u00fcr erfahrene Sportler ist ein PT sinnvoll und zielf\u00fchrend. Wir stehen jederzeit f\u00fcr Fragen bereit und betreuen Sie auf Ihrem Weg.\n                <\/p>\n            <\/div>\n        <\/div>\n        <div class=\"services-card\">\n            <img decoding=\"async\" \n              src=\"\/wp-content\/uploads\/2023\/11\/gruppen.jpg\" \n              class=\"services-img\" \n              alt=\"Gruppentraining\"\n            \/>\n            <div class=\"services-text\">\n                <h4 class=\"services-title\">\n                    Gruppentraining\n                <\/h4>\n                <p class=\"services-description\">\n                    Wir bieten auch Gruppentraining an, um gemeinsam mit anderen motivierten Menschen zu trainieren und Spa\u00df zu haben. Wir passen das Training individuell an die Bed\u00fcrfnisse der Gruppe an und sorgen daf\u00fcr, dass jeder Teilnehmer das Beste aus seinem Training herausholt.\n                <\/p>\n            <\/div>\n        <\/div>\n    <\/div>\n<\/div>\n<\/div><\/div>\n\n\n\n<div id=\"kontakt\" class=\"wp-block-uagb-container contact-container uagb-block-c220cf1f alignfull uagb-is-root-container\"><div class=\"uagb-container-inner-blocks-wrap\">\n<div class=\"wp-block-uagb-advanced-heading uagb-block-f8655cb4\"><h2 class=\"uagb-heading-text\">Kontakt aufnehmen<\/h2><\/div>\n\n\n<style id=\"wpforms-css-vars-root\">\n\t\t\t\t:root {\n\t\t\t\t\t--wpforms-field-border-radius: 3px;\n--wpforms-field-background-color: #ffffff;\n--wpforms-field-border-color: rgba( 0, 0, 0, 0.25 );\n--wpforms-field-text-color: rgba( 0, 0, 0, 0.7 );\n--wpforms-label-color: rgba( 0, 0, 0, 0.85 );\n--wpforms-label-sublabel-color: rgba( 0, 0, 0, 0.55 );\n--wpforms-label-error-color: #d63637;\n--wpforms-button-border-radius: 3px;\n--wpforms-button-background-color: #066aab;\n--wpforms-button-text-color: #ffffff;\n--wpforms-field-size-input-height: 43px;\n--wpforms-field-size-input-spacing: 15px;\n--wpforms-field-size-font-size: 16px;\n--wpforms-field-size-line-height: 19px;\n--wpforms-field-size-padding-h: 14px;\n--wpforms-field-size-checkbox-size: 16px;\n--wpforms-field-size-sublabel-spacing: 5px;\n--wpforms-field-size-icon-size: 1;\n--wpforms-label-size-font-size: 16px;\n--wpforms-label-size-line-height: 19px;\n--wpforms-label-size-sublabel-font-size: 14px;\n--wpforms-label-size-sublabel-line-height: 17px;\n--wpforms-button-size-font-size: 17px;\n--wpforms-button-size-height: 41px;\n--wpforms-button-size-padding-h: 15px;\n--wpforms-button-size-margin-top: 10px;\n\n\t\t\t\t}\n\t\t\t<\/style><style id=\"wpforms-css-vars-858-block-8b8cb668-e3b5-428c-ac77-61ecb89c4a05\">\n\t\t\t\t#wpforms-858.wpforms-block-8b8cb668-e3b5-428c-ac77-61ecb89c4a05 {\n\t\t\t\t\t--wpforms-button-background-color: var(--ast-global-color-0);\n\n\t\t\t\t}\n\t\t\t<\/style><div class=\"wpforms-container wpforms-container-full wpforms-block wpforms-block-8b8cb668-e3b5-428c-ac77-61ecb89c4a05 wpforms-render-modern\" id=\"wpforms-858\"><form id=\"wpforms-form-858\" class=\"wpforms-validate wpforms-form wpforms-ajax-form\" data-formid=\"858\" method=\"post\" enctype=\"multipart\/form-data\" action=\"\/index.php?rest_route=%2Fwp%2Fv2%2Fpages%2F8\" data-token=\"534354e431d53bb3e0121aaeab37de39\"><noscript class=\"wpforms-error-noscript\">Please enable JavaScript in your browser to complete this form.<\/noscript><div class=\"wpforms-hidden\" id=\"wpforms-error-noscript\">Please enable JavaScript in your browser to complete this form.<\/div><div class=\"wpforms-field-container\"><div id=\"wpforms-858-field_0-container\" class=\"wpforms-field wpforms-field-name wpforms-one-half wpforms-first\" data-field-id=\"0\"><label class=\"wpforms-field-label\" for=\"wpforms-858-field_0\">Name <span class=\"wpforms-required-label\" aria-hidden=\"true\">*<\/span><\/label><input type=\"text\" id=\"wpforms-858-field_0\" class=\"wpforms-field-large wpforms-field-required\" name=\"wpforms[fields][0]\" aria-errormessage=\"wpforms-858-field_0-error\" required><\/div><div id=\"wpforms-858-field_1-container\" class=\"wpforms-field wpforms-field-email wpforms-one-half\" data-field-id=\"1\"><label class=\"wpforms-field-label\" for=\"wpforms-858-field_1\">E-Mail <span class=\"wpforms-required-label\" aria-hidden=\"true\">*<\/span><\/label><input type=\"email\" id=\"wpforms-858-field_1\" class=\"wpforms-field-large wpforms-field-required\" name=\"wpforms[fields][1]\" spellcheck=\"false\" aria-errormessage=\"wpforms-858-field_1-error\" required><\/div><div id=\"wpforms-858-field_2-container\" class=\"wpforms-field wpforms-field-textarea\" data-field-id=\"2\"><label class=\"wpforms-field-label\" for=\"wpforms-858-field_2\">Nachricht <span class=\"wpforms-required-label\" aria-hidden=\"true\">*<\/span><\/label><textarea id=\"wpforms-858-field_2\" class=\"wpforms-field-large wpforms-field-required\" name=\"wpforms[fields][2]\" placeholder=\"Schreiben Sie hier etwas zu Ihrer Person und wie wir Ihnen dabei helfen k\u00f6nnen, Ihre Ziele zu erreichen.\" aria-errormessage=\"wpforms-858-field_2-error\" required><\/textarea><\/div><\/div><!-- .wpforms-field-container --><div class=\"wpforms-submit-container\" ><input type=\"hidden\" name=\"wpforms[id]\" value=\"858\"><input type=\"hidden\" name=\"wpforms[author]\" value=\"1\"><button type=\"submit\" name=\"wpforms[submit]\" id=\"wpforms-submit-858\" class=\"wpforms-submit\" data-alt-text=\"Wird gesendet...\" data-submit-text=\"Abschicken\" aria-live=\"assertive\" value=\"wpforms-submit\">Abschicken<\/button><img loading=\"lazy\" decoding=\"async\" src=\"https:\/\/fitfuture.sayenko.dev\/wp-content\/plugins\/wpforms-lite\/assets\/images\/submit-spin.svg\" class=\"wpforms-submit-spinner\" style=\"display: none;\" width=\"26\" height=\"26\" alt=\"Loading\"><\/div><\/form><\/div>  <!-- .wpforms-container --><\/div><\/div>\n","protected":false},"excerpt":{"rendered":"<p>Bereit f\u00fcr Ver\u00e4nderung? Sprich noch Heute mit uns! Unser Ziel ist es, unseren Kunden zu helfen, ihre individuellen Fitnessziele zu erreichen und ein ges\u00fcnderes, erf\u00fcllteres Leben zu f\u00fchren. Wir glauben an eine ganzheitliche Herangehensweise und arbeiten eng mit unseren Kunden zusammen, um personalisierte Pl\u00e4ne zu erstellen, die auf ihre Bed\u00fcrfnisse und Ziele zugeschnitten sind. Wir &hellip;<\/p>\n<p class=\"read-more\"> <a class=\"\" href=\"https:\/\/fitfuture.sayenko.dev\/\"> <span class=\"screen-reader-text\">Startseite<\/span> Read More &raquo;<\/a><\/p>\n","protected":false},"author":1,"featured_media":0,"parent":0,"menu_order":0,"comment_status":"closed","ping_status":"closed","template":"","meta":{"_uag_custom_page_level_css":"","site-sidebar-layout":"default","site-content-layout":"","ast-site-content-layout":"","site-content-style":"default","site-sidebar-style":"default","ast-global-header-display":"","ast-banner-title-visibility":"","ast-main-header-display":"","ast-hfb-above-header-display":"","ast-hfb-below-header-display":"","ast-hfb-mobile-header-display":"","site-post-title":"disabled","ast-breadcrumbs-content":"","ast-featured-img":"","footer-sml-layout":"","theme-transparent-header-meta":"","adv-header-id-meta":"","stick-header-meta":"","header-above-stick-meta":"","header-main-stick-meta":"","header-below-stick-meta":"","astra-migrate-meta-layouts":"","ast-page-background-enabled":"default","ast-page-background-meta":{"desktop":{"background-color":"var(--ast-global-color-4)","background-image":"","background-repeat":"repeat","background-position":"center center","background-size":"auto","background-attachment":"scroll","background-type":"","background-media":"","overlay-type":"","overlay-color":"","overlay-gradient":""},"tablet":{"background-color":"","background-image":"","background-repeat":"repeat","background-position":"center center","background-size":"auto","background-attachment":"scroll","background-type":"","background-media":"","overlay-type":"","overlay-color":"","overlay-gradient":""},"mobile":{"background-color":"","background-image":"","background-repeat":"repeat","background-position":"center center","background-size":"auto","background-attachment":"scroll","background-type":"","background-media":"","overlay-type":"","overlay-color":"","overlay-gradient":""}},"ast-content-background-meta":{"desktop":{"background-color":"var(--ast-global-color-5)","background-image":"","background-repeat":"repeat","background-position":"center center","background-size":"auto","background-attachment":"scroll","background-type":"","background-media":"","overlay-type":"","overlay-color":"","overlay-gradient":""},"tablet":{"background-color":"var(--ast-global-color-5)","background-image":"","background-repeat":"repeat","background-position":"center center","background-size":"auto","background-attachment":"scroll","background-type":"","background-media":"","overlay-type":"","overlay-color":"","overlay-gradient":""},"mobile":{"background-color":"var(--ast-global-color-5)","background-image":"","background-repeat":"repeat","background-position":"center center","background-size":"auto","background-attachment":"scroll","background-type":"","background-media":"","overlay-type":"","overlay-color":"","overlay-gradient":""}},"footnotes":""},"class_list":["post-8","page","type-page","status-publish","hentry"],"uagb_featured_image_src":{"full":false,"thumbnail":false,"medium":false,"medium_large":false,"large":false,"1536x1536":false,"2048x2048":false},"uagb_author_info":{"display_name":"fitfuture","author_link":"https:\/\/fitfuture.sayenko.dev\/?author=1"},"uagb_comment_info":0,"uagb_excerpt":"Bereit f\u00fcr Ver\u00e4nderung? Sprich noch Heute mit uns! Unser Ziel ist es, unseren Kunden zu helfen, ihre individuellen Fitnessziele zu erreichen und ein ges\u00fcnderes, erf\u00fcllteres Leben zu f\u00fchren. Wir glauben an eine ganzheitliche Herangehensweise und arbeiten eng mit unseren Kunden zusammen, um personalisierte Pl\u00e4ne zu erstellen, die auf ihre Bed\u00fcrfnisse und Ziele zugeschnitten sind. Wir&hellip;","_links":{"self":[{"href":"https:\/\/fitfuture.sayenko.dev\/index.php?rest_route=\/wp\/v2\/pages\/8","targetHints":{"allow":["GET"]}}],"collection":[{"href":"https:\/\/fitfuture.sayenko.dev\/index.php?rest_route=\/wp\/v2\/pages"}],"about":[{"href":"https:\/\/fitfuture.sayenko.dev\/index.php?rest_route=\/wp\/v2\/types\/page"}],"author":[{"embeddable":true,"href":"https:\/\/fitfuture.sayenko.dev\/index.php?rest_route=\/wp\/v2\/users\/1"}],"replies":[{"embeddable":true,"href":"https:\/\/fitfuture.sayenko.dev\/index.php?rest_route=%2Fwp%2Fv2%2Fcomments&post=8"}],"version-history":[{"count":5,"href":"https:\/\/fitfuture.sayenko.dev\/index.php?rest_route=\/wp\/v2\/pages\/8\/revisions"}],"predecessor-version":[{"id":870,"href":"https:\/\/fitfuture.sayenko.dev\/index.php?rest_route=\/wp\/v2\/pages\/8\/revisions\/870"}],"wp:attachment":[{"href":"https:\/\/fitfuture.sayenko.dev\/index.php?rest_route=%2Fwp%2Fv2%2Fmedia&parent=8"}],"curies":[{"name":"wp","href":"https:\/\/api.w.org\/{rel}","templated":true}]}}